{"id":260,"date":"2022-02-18T16:19:05","date_gmt":"2022-02-18T16:19:05","guid":{"rendered":"https:\/\/dev.ardecom.com\/remote-support-service\/"},"modified":"2022-02-18T17:35:59","modified_gmt":"2022-02-18T17:35:59","slug":"remote-support-service","status":"publish","type":"page","link":"https:\/\/lb3.ca\/en\/remote-support-service\/","title":{"rendered":"Remote support service"},"content":{"rendered":"\t\t<div data-elementor-type=\"wp-page\" data-elementor-id=\"260\" class=\"elementor elementor-260 elementor-212\" data-elementor-post-type=\"page\">\n\t\t\t\t\t\t<section class=\"elementor-section elementor-top-section elementor-element elementor-element-747d9e8f elementor-section-full_width elementor-section-height-min-height elementor-section-height-default elementor-section-items-middle\" data-id=\"747d9e8f\" data-element_type=\"section\" data-e-type=\"section\" data-settings=\"{&quot;background_background&quot;:&quot;classic&quot;}\">\n\t\t\t\t\t\t<div class=\"elementor-container elementor-column-gap-default\">\n\t\t\t\t\t<div class=\"elementor-column elementor-col-100 elementor-top-column elementor-element elementor-element-6334c6bb\" data-id=\"6334c6bb\" data-element_type=\"column\" data-e-type=\"column\">\n\t\t\t<div class=\"elementor-widget-wrap elementor-element-populated\">\n\t\t\t\t\t\t<section class=\"elementor-section elementor-inner-section elementor-element elementor-element-4fed0d2d elementor-section-boxed elementor-section-height-default elementor-section-height-default\" data-id=\"4fed0d2d\" data-element_type=\"section\" data-e-type=\"section\">\n\t\t\t\t\t\t<div class=\"elementor-container elementor-column-gap-default\">\n\t\t\t\t\t<div class=\"elementor-column elementor-col-100 elementor-inner-column elementor-element elementor-element-6121e800\" data-id=\"6121e800\" data-element_type=\"column\" data-e-type=\"column\">\n\t\t\t<div class=\"elementor-widget-wrap elementor-element-populated\">\n\t\t\t\t\t\t<div class=\"elementor-element elementor-element-1667c578 lb3-page-title elementor-widget elementor-widget-heading\" data-id=\"1667c578\" data-element_type=\"widget\" data-e-type=\"widget\" data-widget_type=\"heading.default\">\n\t\t\t\t<div class=\"elementor-widget-container\">\n\t\t\t\t\t<h1 class=\"elementor-heading-title elementor-size-default\">Remote support service<\/h1>\t\t\t\t<\/div>\n\t\t\t\t<\/div>\n\t\t\t\t<div class=\"elementor-element elementor-element-232611e2 elementor-widget-divider--view-line elementor-widget elementor-widget-divider\" data-id=\"232611e2\" data-element_type=\"widget\" data-e-type=\"widget\" data-widget_type=\"divider.default\">\n\t\t\t\t<div class=\"elementor-widget-container\">\n\t\t\t\t\t\t\t<div class=\"elementor-divider\">\n\t\t\t<span class=\"elementor-divider-separator\">\n\t\t\t\t\t\t<\/span>\n\t\t<\/div>\n\t\t\t\t\t\t<\/div>\n\t\t\t\t<\/div>\n\t\t\t\t<div class=\"elementor-element elementor-element-700489ee lb3-page-subtitle elementor-widget elementor-widget-text-editor\" data-id=\"700489ee\" data-element_type=\"widget\" data-e-type=\"widget\" data-widget_type=\"text-editor.default\">\n\t\t\t\t<div class=\"elementor-widget-container\">\n\t\t\t\t\t\t\t\t\t<p>Whether by phone, email, chat or ticketing support system, our technicians will be with you at any time of the day to answer your questions and solve your problems at an affordable price.<\/p>\t\t\t\t\t\t\t\t<\/div>\n\t\t\t\t<\/div>\n\t\t\t\t\t<\/div>\n\t\t<\/div>\n\t\t\t\t\t<\/div>\n\t\t<\/section>\n\t\t\t\t\t<\/div>\n\t\t<\/div>\n\t\t\t\t\t<\/div>\n\t\t<\/section>\n\t\t\t\t<section class=\"elementor-section elementor-top-section elementor-element elementor-element-2ff6d6c8 lb3-page-content elementor-section-boxed elementor-section-height-default elementor-section-height-default\" data-id=\"2ff6d6c8\" data-element_type=\"section\" data-e-type=\"section\">\n\t\t\t\t\t\t<div class=\"elementor-container elementor-column-gap-default\">\n\t\t\t\t\t<div class=\"elementor-column elementor-col-100 elementor-top-column elementor-element elementor-element-4b8d0527\" data-id=\"4b8d0527\" data-element_type=\"column\" data-e-type=\"column\">\n\t\t\t<div class=\"elementor-widget-wrap elementor-element-populated\">\n\t\t\t\t\t\t<div class=\"elementor-element elementor-element-1851631e elementor-widget elementor-widget-text-editor\" data-id=\"1851631e\" data-element_type=\"widget\" data-e-type=\"widget\" data-widget_type=\"text-editor.default\">\n\t\t\t\t<div class=\"elementor-widget-container\">\n\t\t\t\t\t\t\t\t\t<h2>Expert in our field, we assist you remotely as if we were on site.<\/h2><p>Whether by phone, email, chat or ticketing support system, our technicians will be with you at any time of the day to answer your questions and solve your problems at an affordable price.<\/p><h2>When speed and convenience save you money<\/h2><h3>Infinite support<\/h3><p>Are you the first to arrive at the office or the last to leave? No problem! Our team is available 24 hours a day, 7 days a week to help you. Aucun probl\u00e8me ! Notre \u00e9quipe est disponible 24 heures par jour, 7 jours sur 7 pour vous aider.  <\/p><h3>Rapid Support<\/h3><p>In addition to being always available, our team guarantees support without any delay. Choose the means of communication that suits you best from our selection and you will be served immediately by human beings who are experts in their field. Choisissez le moyen de communication qui vous convient le mieux parmi notre s\u00e9lection et vous serez servis imm\u00e9diatement par des \u00eatres humains experts en leur mati\u00e8re. <\/p><h3>At Your Office When You Need It<\/h3><p>Technology evolves at the speed of light, and we adapt our services to always keep pace with the evolution. Our team travels to your offices according to your needs to ensure that you are up to date at the technological level. Notre \u00e9quipe se d\u00e9place \u00e0 vos bureaux selon vos besoins pour s\u2019assurer que vous soyez \u00e0 jour au niveau technologique. <\/p><h2>Fructify your time, eliminate irritants<\/h2><h3>Permanent solutions to stop recurrences<\/h3><p>At LB3 Technology, our technicians don\u2019t just patch they find and implement permanent solutions that prevent and avoid recurring issues that make you waste your time. Nous trouvons des solutions permanentes \u00e0 vos besoins afin de nous permettre de pr\u00e9venir les probl\u00e9matiques et d\u2019\u00e9viter les probl\u00e8mes r\u00e9currents qui vous font perdre votre temps. <\/p><h3>Be more productive<\/h3><p>The speed of our service, our high availability and our permanent solutions ensure that your team always remains operational and productive.<\/p><h3>Increase your profitability<\/h3><p>Increase your capacity by using your organization\u2019s resources to increase your revenue by lightening your IT department.<\/p>\t\t\t\t\t\t\t\t<\/div>\n\t\t\t\t<\/div>\n\t\t\t\t\t<\/div>\n\t\t<\/div>\n\t\t\t\t\t<\/div>\n\t\t<\/section>\n\t\t\t\t<\/div>\n\t\t","protected":false},"excerpt":{"rendered":"<p>Whether by phone, email, chat or ticketing support system, our technicians will be with you at any time of the day to answer your questions and solve your problems at an affordable price. Expert in our field, we assist you remotely as if we were on site. Whether by phone, email, chat or ticketing support [&hellip;]<\/p>\n","protected":false},"author":1,"featured_media":0,"parent":0,"menu_order":0,"comment_status":"closed","ping_status":"closed","template":"elementor_header_footer","meta":{"site-sidebar-layout":"no-sidebar","site-content-layout":"page-builder","ast-site-content-layout":"default","site-content-style":"default","site-sidebar-style":"default","ast-global-header-display":"","ast-banner-title-visibility":"","ast-main-header-display":"","ast-hfb-above-header-display":"","ast-hfb-below-header-display":"","ast-hfb-mobile-header-display":"","site-post-title":"disabled","ast-breadcrumbs-content":"","ast-featured-img":"disabled","footer-sml-layout":"","ast-disable-related-posts":"","theme-transparent-header-meta":"","adv-header-id-meta":"","stick-header-meta":"","header-above-stick-meta":"","header-main-stick-meta":"","header-below-stick-meta":"","astra-migrate-meta-layouts":"default","ast-page-background-enabled":"default","ast-page-background-meta":{"desktop":{"background-color":"var(--ast-global-color-4)","background-image":"","background-repeat":"repeat","background-position":"center center","background-size":"auto","background-attachment":"scroll","background-type":"","background-media":"","overlay-type":"","overlay-color":"","overlay-opacity":"","overlay-gradient":""},"tablet":{"background-color":"","background-image":"","background-repeat":"repeat","background-position":"center center","background-size":"auto","background-attachment":"scroll","background-type":"","background-media":"","overlay-type":"","overlay-color":"","overlay-opacity":"","overlay-gradient":""},"mobile":{"background-color":"","background-image":"","background-repeat":"repeat","background-position":"center center","background-size":"auto","background-attachment":"scroll","background-type":"","background-media":"","overlay-type":"","overlay-color":"","overlay-opacity":"","overlay-gradient":""}},"ast-content-background-meta":{"desktop":{"background-color":"var(--ast-global-color-5)","background-image":"","background-repeat":"repeat","background-position":"center center","background-size":"auto","background-attachment":"scroll","background-type":"","background-media":"","overlay-type":"","overlay-color":"","overlay-opacity":"","overlay-gradient":""},"tablet":{"background-color":"var(--ast-global-color-5)","background-image":"","background-repeat":"repeat","background-position":"center center","background-size":"auto","background-attachment":"scroll","background-type":"","background-media":"","overlay-type":"","overlay-color":"","overlay-opacity":"","overlay-gradient":""},"mobile":{"background-color":"var(--ast-global-color-5)","background-image":"","background-repeat":"repeat","background-position":"center center","background-size":"auto","background-attachment":"scroll","background-type":"","background-media":"","overlay-type":"","overlay-color":"","overlay-opacity":"","overlay-gradient":""}},"footnotes":""},"class_list":["post-260","page","type-page","status-publish","hentry"],"_links":{"self":[{"href":"https:\/\/lb3.ca\/en\/wp-json\/wp\/v2\/pages\/260","targetHints":{"allow":["GET"]}}],"collection":[{"href":"https:\/\/lb3.ca\/en\/wp-json\/wp\/v2\/pages"}],"about":[{"href":"https:\/\/lb3.ca\/en\/wp-json\/wp\/v2\/types\/page"}],"author":[{"embeddable":true,"href":"https:\/\/lb3.ca\/en\/wp-json\/wp\/v2\/users\/1"}],"replies":[{"embeddable":true,"href":"https:\/\/lb3.ca\/en\/wp-json\/wp\/v2\/comments?post=260"}],"version-history":[{"count":1,"href":"https:\/\/lb3.ca\/en\/wp-json\/wp\/v2\/pages\/260\/revisions"}],"predecessor-version":[{"id":261,"href":"https:\/\/lb3.ca\/en\/wp-json\/wp\/v2\/pages\/260\/revisions\/261"}],"wp:attachment":[{"href":"https:\/\/lb3.ca\/en\/wp-json\/wp\/v2\/media?parent=260"}],"curies":[{"name":"wp","href":"https:\/\/api.w.org\/{rel}","templated":true}]}}